{"id":1105,"date":"2024-02-10T20:04:46","date_gmt":"2024-02-10T20:04:46","guid":{"rendered":"https:\/\/hotelcatalinatijuana.com\/?page_id=1105"},"modified":"2024-02-23T07:10:20","modified_gmt":"2024-02-23T07:10:20","slug":"habitaciones","status":"publish","type":"page","link":"https:\/\/hotelcatalinatijuana.com\/en\/habitaciones\/","title":{"rendered":"Rooms"},"content":{"rendered":"<div data-elementor-type=\"wp-page\" data-elementor-id=\"1105\" class=\"elementor elementor-1105\" data-elementor-post-type=\"page\">\n\t\t\t\t<div class=\"elementor-element elementor-element-9518d49 e-flex e-con-boxed e-con e-parent\" data-id=\"9518d49\" data-element_type=\"container\" data-e-type=\"container\">\n\t\t\t\t\t<div class=\"e-con-inner\">\n\t\t\t\t<div class=\"elementor-element elementor-element-062259f elementor-widget elementor-widget-mphbe-rooms\" data-id=\"062259f\" data-element_type=\"widget\" data-e-type=\"widget\" data-widget_type=\"mphbe-rooms.default\">\n\t\t\t\t<div class=\"elementor-widget-container\">\n\t\t\t\t\t<div class=\"mphb_sc_rooms-wrapper mphb-room-types\">    <div class=\"rooms-wrapper\">\n\t\n<div class=\"mphb-room-type post-322 mphb_room_type type-mphb_room_type status-publish has-post-thumbnail mphb-room-type-adults-2 mphb-room-type-children-0 has-taxes-and-fees\">\n\n\t\n\t        <div class=\"mphb-room-type-images\">\n\t\t\t\n\n\t<p class=\"post-thumbnail mphb-loop-room-thumbnail\">\n\t<a href=\"https:\/\/hotelcatalinatijuana.com\/en\/accommodation\/habitacion-sencilla-matrimonial\/\">\n\t<img fetchpriority=\"high\" decoding=\"async\" width=\"1620\" height=\"1207\" src=\"https:\/\/hotelcatalinatijuana.com\/wp-content\/uploads\/2020\/11\/Habitacion-Matrimonial-Hotel-Catalina-Tijuana--1620x1207.jpeg\" class=\"attachment-post-thumbnail size-post-thumbnail wp-post-image\" alt=\"\" srcset=\"https:\/\/hotelcatalinatijuana.com\/wp-content\/uploads\/2020\/11\/Habitacion-Matrimonial-Hotel-Catalina-Tijuana--1620x1207.jpeg 1620w, https:\/\/hotelcatalinatijuana.com\/wp-content\/uploads\/2020\/11\/Habitacion-Matrimonial-Hotel-Catalina-Tijuana--300x224.jpeg 300w, https:\/\/hotelcatalinatijuana.com\/wp-content\/uploads\/2020\/11\/Habitacion-Matrimonial-Hotel-Catalina-Tijuana--1024x763.jpeg 1024w, https:\/\/hotelcatalinatijuana.com\/wp-content\/uploads\/2020\/11\/Habitacion-Matrimonial-Hotel-Catalina-Tijuana--768x572.jpeg 768w, https:\/\/hotelcatalinatijuana.com\/wp-content\/uploads\/2020\/11\/Habitacion-Matrimonial-Hotel-Catalina-Tijuana--1536x1145.jpeg 1536w, https:\/\/hotelcatalinatijuana.com\/wp-content\/uploads\/2020\/11\/Habitacion-Matrimonial-Hotel-Catalina-Tijuana--2048x1526.jpeg 2048w, https:\/\/hotelcatalinatijuana.com\/wp-content\/uploads\/2020\/11\/Habitacion-Matrimonial-Hotel-Catalina-Tijuana--16x12.jpeg 16w, https:\/\/hotelcatalinatijuana.com\/wp-content\/uploads\/2020\/11\/Habitacion-Matrimonial-Hotel-Catalina-Tijuana--403x300.jpeg 403w\" sizes=\"(max-width: 1620px) 100vw, 1620px\" \/>\t<\/a>\n\n\t<\/p>\n        <\/div>\n\t\t        <div class=\"mphb-room-type-content-wrapper\">\n            <div class=\"mphb-room-type-content\">\n\t\t\t\t                    <div class=\"mphb-room-type-description\">\n\t\t\t\t\t\t\n<h2 class=\"mphb-room-type-title entry-title\">\n\n<a class=\"mphb-room-type-title\" href=\"https:\/\/hotelcatalinatijuana.com\/en\/accommodation\/habitacion-sencilla-matrimonial\/\">Full Size Room<\/a>\n\n<\/h2>                    <\/div>\n\t\t\t\t                    <div class=\"mphb-room-type-buttons\">\n\t\t\t\t\t\t\n<div class=\"mphb-to-book-btn-wrapper\">\n<form action=\"https:\/\/hotelcatalinatijuana.com\/en\/accommodation\/habitacion-sencilla-matrimonial\/#booking-form-322\" method=\"get\" data-trp-original-action=\"https:\/\/hotelcatalinatijuana.com\/en\/accommodation\/habitacion-sencilla-matrimonial\/#booking-form-322\" ><button type=\"submit\" class=\"button mphb-book-button\" ><svg enable-background=\"new 0 0 30.99 6.99\" \n\t\t\t\tviewbox=\"0 0 30.99 6.99\" xml:space=\"preserve\" xmlns=\"http:\/\/www.w3.org\/2000\/svg\">\n            \t<rect y=\"3\" width=\"30\" height=\"1\"><\/rect><polyline points=\"26.78 0.68 28.18 2.08 29.58 3.48 26.8 6.26             \t27.53 6.99 30.99 3.53 27.46 0\"><\/polyline><\/svg>Book now<\/button><input type=\"hidden\" name=\"trp-form-language\" value=\"en\"\/><\/form>\n<\/div>                    <\/div>\n\t\t\t\t            <\/div>\n        <\/div>\n\t\n<\/div>\n\n\n<div class=\"mphb-room-type post-338 mphb_room_type type-mphb_room_type status-publish has-post-thumbnail mphb-room-type-adults-2 mphb-room-type-children-0 has-taxes-and-fees\">\n\n\t\n\t        <div class=\"mphb-room-type-images\">\n\t\t\t\n\n\t<p class=\"post-thumbnail mphb-loop-room-thumbnail\">\n\t<a href=\"https:\/\/hotelcatalinatijuana.com\/en\/accommodation\/habitacion-sencilla-king\/\">\n\t<img decoding=\"async\" width=\"1620\" height=\"1213\" src=\"https:\/\/hotelcatalinatijuana.com\/wp-content\/uploads\/2020\/11\/Habitacion-King-Hotel-Catalina-Tijuana--1620x1213.jpeg\" class=\"attachment-post-thumbnail size-post-thumbnail wp-post-image\" alt=\"\" srcset=\"https:\/\/hotelcatalinatijuana.com\/wp-content\/uploads\/2020\/11\/Habitacion-King-Hotel-Catalina-Tijuana--1620x1213.jpeg 1620w, https:\/\/hotelcatalinatijuana.com\/wp-content\/uploads\/2020\/11\/Habitacion-King-Hotel-Catalina-Tijuana--300x225.jpeg 300w, https:\/\/hotelcatalinatijuana.com\/wp-content\/uploads\/2020\/11\/Habitacion-King-Hotel-Catalina-Tijuana--1024x767.jpeg 1024w, https:\/\/hotelcatalinatijuana.com\/wp-content\/uploads\/2020\/11\/Habitacion-King-Hotel-Catalina-Tijuana--768x575.jpeg 768w, https:\/\/hotelcatalinatijuana.com\/wp-content\/uploads\/2020\/11\/Habitacion-King-Hotel-Catalina-Tijuana--1536x1151.jpeg 1536w, https:\/\/hotelcatalinatijuana.com\/wp-content\/uploads\/2020\/11\/Habitacion-King-Hotel-Catalina-Tijuana--2048x1534.jpeg 2048w, https:\/\/hotelcatalinatijuana.com\/wp-content\/uploads\/2020\/11\/Habitacion-King-Hotel-Catalina-Tijuana--16x12.jpeg 16w, https:\/\/hotelcatalinatijuana.com\/wp-content\/uploads\/2020\/11\/Habitacion-King-Hotel-Catalina-Tijuana--401x300.jpeg 401w\" sizes=\"(max-width: 1620px) 100vw, 1620px\" \/>\t<\/a>\n\n\t<\/p>\n        <\/div>\n\t\t        <div class=\"mphb-room-type-content-wrapper\">\n            <div class=\"mphb-room-type-content\">\n\t\t\t\t                    <div class=\"mphb-room-type-description\">\n\t\t\t\t\t\t\n<h2 class=\"mphb-room-type-title entry-title\">\n\n<a class=\"mphb-room-type-title\" href=\"https:\/\/hotelcatalinatijuana.com\/en\/accommodation\/habitacion-sencilla-king\/\">King Room<\/a>\n\n<\/h2>                    <\/div>\n\t\t\t\t                    <div class=\"mphb-room-type-buttons\">\n\t\t\t\t\t\t\n<div class=\"mphb-to-book-btn-wrapper\">\n<form action=\"https:\/\/hotelcatalinatijuana.com\/en\/accommodation\/habitacion-sencilla-king\/#booking-form-338\" method=\"get\" data-trp-original-action=\"https:\/\/hotelcatalinatijuana.com\/en\/accommodation\/habitacion-sencilla-king\/#booking-form-338\" ><button type=\"submit\" class=\"button mphb-book-button\" ><svg enable-background=\"new 0 0 30.99 6.99\" \n\t\t\t\tviewbox=\"0 0 30.99 6.99\" xml:space=\"preserve\" xmlns=\"http:\/\/www.w3.org\/2000\/svg\">\n            \t<rect y=\"3\" width=\"30\" height=\"1\"><\/rect><polyline points=\"26.78 0.68 28.18 2.08 29.58 3.48 26.8 6.26             \t27.53 6.99 30.99 3.53 27.46 0\"><\/polyline><\/svg>Book now<\/button><input type=\"hidden\" name=\"trp-form-language\" value=\"en\"\/><\/form>\n<\/div>                    <\/div>\n\t\t\t\t            <\/div>\n        <\/div>\n\t\n<\/div>\n\n\n<div class=\"mphb-room-type post-75 mphb_room_type type-mphb_room_type status-publish has-post-thumbnail mphb-room-type-adults-4 mphb-room-type-children-0 has-taxes-and-fees\">\n\n\t\n\t        <div class=\"mphb-room-type-images\">\n\t\t\t\n\n\t<p class=\"post-thumbnail mphb-loop-room-thumbnail\">\n\t<a href=\"https:\/\/hotelcatalinatijuana.com\/en\/accommodation\/habitacion-doble-matrimonial\/\">\n\t<img decoding=\"async\" width=\"1280\" height=\"954\" src=\"https:\/\/hotelcatalinatijuana.com\/wp-content\/uploads\/2020\/11\/Habitacion-Doble-Hotel-Catalina-Tijuana-.jpeg\" class=\"attachment-post-thumbnail size-post-thumbnail wp-post-image\" alt=\"\" srcset=\"https:\/\/hotelcatalinatijuana.com\/wp-content\/uploads\/2020\/11\/Habitacion-Doble-Hotel-Catalina-Tijuana-.jpeg 1280w, https:\/\/hotelcatalinatijuana.com\/wp-content\/uploads\/2020\/11\/Habitacion-Doble-Hotel-Catalina-Tijuana--300x224.jpeg 300w, https:\/\/hotelcatalinatijuana.com\/wp-content\/uploads\/2020\/11\/Habitacion-Doble-Hotel-Catalina-Tijuana--1024x763.jpeg 1024w, https:\/\/hotelcatalinatijuana.com\/wp-content\/uploads\/2020\/11\/Habitacion-Doble-Hotel-Catalina-Tijuana--768x572.jpeg 768w, https:\/\/hotelcatalinatijuana.com\/wp-content\/uploads\/2020\/11\/Habitacion-Doble-Hotel-Catalina-Tijuana--16x12.jpeg 16w, https:\/\/hotelcatalinatijuana.com\/wp-content\/uploads\/2020\/11\/Habitacion-Doble-Hotel-Catalina-Tijuana--403x300.jpeg 403w\" sizes=\"(max-width: 1280px) 100vw, 1280px\" \/>\t<\/a>\n\n\t<\/p>\n        <\/div>\n\t\t        <div class=\"mphb-room-type-content-wrapper\">\n            <div class=\"mphb-room-type-content\">\n\t\t\t\t                    <div class=\"mphb-room-type-description\">\n\t\t\t\t\t\t\n<h2 class=\"mphb-room-type-title entry-title\">\n\n<a class=\"mphb-room-type-title\" href=\"https:\/\/hotelcatalinatijuana.com\/en\/accommodation\/habitacion-doble-matrimonial\/\">Family Room<\/a>\n\n<\/h2>                    <\/div>\n\t\t\t\t                    <div class=\"mphb-room-type-buttons\">\n\t\t\t\t\t\t\n<div class=\"mphb-to-book-btn-wrapper\">\n<form action=\"https:\/\/hotelcatalinatijuana.com\/en\/accommodation\/habitacion-doble-matrimonial\/#booking-form-75\" method=\"get\" data-trp-original-action=\"https:\/\/hotelcatalinatijuana.com\/en\/accommodation\/habitacion-doble-matrimonial\/#booking-form-75\" ><button type=\"submit\" class=\"button mphb-book-button\" ><svg enable-background=\"new 0 0 30.99 6.99\" \n\t\t\t\tviewbox=\"0 0 30.99 6.99\" xml:space=\"preserve\" xmlns=\"http:\/\/www.w3.org\/2000\/svg\">\n            \t<rect y=\"3\" width=\"30\" height=\"1\"><\/rect><polyline points=\"26.78 0.68 28.18 2.08 29.58 3.48 26.8 6.26             \t27.53 6.99 30.99 3.53 27.46 0\"><\/polyline><\/svg>Book now<\/button><input type=\"hidden\" name=\"trp-form-language\" value=\"en\"\/><\/form>\n<\/div>                    <\/div>\n\t\t\t\t            <\/div>\n        <\/div>\n\t\n<\/div>\n\n    <\/div>\n\t<\/div>\t\t\t\t<\/div>\n\t\t\t\t<\/div>\n\t\t\t\t\t<\/div>\n\t\t\t\t<\/div>\n\t\t\t\t<\/div>","protected":false},"excerpt":{"rendered":"<p>Habitaci\u00f3n Matrimonial Book now Habitaci\u00f3n King Book now Habitaci\u00f3n Doble Book now<\/p>","protected":false},"author":1,"featured_media":0,"parent":0,"menu_order":0,"comment_status":"closed","ping_status":"closed","template":"","meta":{"inline_featured_image":false,"footnotes":""},"class_list":["post-1105","page","type-page","status-publish","hentry"],"yoast_head":"<!-- This site is optimized with the Yoast SEO plugin v27.4 - https:\/\/yoast.com\/product\/yoast-seo-wordpress\/ -->\n<title>Habitaciones - Hotel Catalina<\/title>\n<meta name=\"robots\" content=\"index, follow, max-snippet:-1, max-image-preview:large, max-video-preview:-1\" \/>\n<link rel=\"canonical\" href=\"https:\/\/hotelcatalinatijuana.com\/en\/habitaciones\/\" \/>\n<meta property=\"og:locale\" content=\"en_US\" \/>\n<meta property=\"og:type\" content=\"article\" \/>\n<meta property=\"og:title\" content=\"Habitaciones - Hotel Catalina\" \/>\n<meta property=\"og:description\" content=\"Habitaci\u00f3n Matrimonial Book now Habitaci\u00f3n King Book now Habitaci\u00f3n Doble Book now\" \/>\n<meta property=\"og:url\" content=\"https:\/\/hotelcatalinatijuana.com\/en\/habitaciones\/\" \/>\n<meta property=\"og:site_name\" content=\"Hotel Catalina\" \/>\n<meta property=\"article:modified_time\" content=\"2024-02-23T07:10:20+00:00\" \/>\n<meta property=\"og:image\" content=\"https:\/\/hotelcatalinatijuana.com\/wp-content\/uploads\/2020\/11\/WhatsApp-Image-2023-12-01-at-5.33.48-PM-1-1620x1215.jpeg\" \/>\n<meta name=\"twitter:card\" content=\"summary_large_image\" \/>\n<script type=\"application\/ld+json\" class=\"yoast-schema-graph\">{\"@context\":\"https:\\\/\\\/schema.org\",\"@graph\":[{\"@type\":\"WebPage\",\"@id\":\"https:\\\/\\\/hotelcatalinatijuana.com\\\/habitaciones\\\/\",\"url\":\"https:\\\/\\\/hotelcatalinatijuana.com\\\/habitaciones\\\/\",\"name\":\"Habitaciones - Hotel Catalina\",\"isPartOf\":{\"@id\":\"https:\\\/\\\/hotelcatalinatijuana.com\\\/#website\"},\"primaryImageOfPage\":{\"@id\":\"https:\\\/\\\/hotelcatalinatijuana.com\\\/habitaciones\\\/#primaryimage\"},\"image\":{\"@id\":\"https:\\\/\\\/hotelcatalinatijuana.com\\\/habitaciones\\\/#primaryimage\"},\"thumbnailUrl\":\"https:\\\/\\\/hotelcatalinatijuana.com\\\/wp-content\\\/uploads\\\/2020\\\/11\\\/WhatsApp-Image-2023-12-01-at-5.33.48-PM-1-1620x1215.jpeg\",\"datePublished\":\"2024-02-10T20:04:46+00:00\",\"dateModified\":\"2024-02-23T07:10:20+00:00\",\"breadcrumb\":{\"@id\":\"https:\\\/\\\/hotelcatalinatijuana.com\\\/habitaciones\\\/#breadcrumb\"},\"inLanguage\":\"en-US\",\"potentialAction\":[{\"@type\":\"ReadAction\",\"target\":[\"https:\\\/\\\/hotelcatalinatijuana.com\\\/habitaciones\\\/\"]}]},{\"@type\":\"ImageObject\",\"inLanguage\":\"en-US\",\"@id\":\"https:\\\/\\\/hotelcatalinatijuana.com\\\/habitaciones\\\/#primaryimage\",\"url\":\"https:\\\/\\\/hotelcatalinatijuana.com\\\/wp-content\\\/uploads\\\/2020\\\/11\\\/WhatsApp-Image-2023-12-01-at-5.33.48-PM-1-1620x1215.jpeg\",\"contentUrl\":\"https:\\\/\\\/hotelcatalinatijuana.com\\\/wp-content\\\/uploads\\\/2020\\\/11\\\/WhatsApp-Image-2023-12-01-at-5.33.48-PM-1-1620x1215.jpeg\"},{\"@type\":\"BreadcrumbList\",\"@id\":\"https:\\\/\\\/hotelcatalinatijuana.com\\\/habitaciones\\\/#breadcrumb\",\"itemListElement\":[{\"@type\":\"ListItem\",\"position\":1,\"name\":\"Portada\",\"item\":\"https:\\\/\\\/hotelcatalinatijuana.com\\\/\"},{\"@type\":\"ListItem\",\"position\":2,\"name\":\"Habitaciones\"}]},{\"@type\":\"WebSite\",\"@id\":\"https:\\\/\\\/hotelcatalinatijuana.com\\\/#website\",\"url\":\"https:\\\/\\\/hotelcatalinatijuana.com\\\/\",\"name\":\"Hotel Catalina\",\"description\":\"\",\"publisher\":{\"@id\":\"https:\\\/\\\/hotelcatalinatijuana.com\\\/#organization\"},\"potentialAction\":[{\"@type\":\"SearchAction\",\"target\":{\"@type\":\"EntryPoint\",\"urlTemplate\":\"https:\\\/\\\/hotelcatalinatijuana.com\\\/?s={search_term_string}\"},\"query-input\":{\"@type\":\"PropertyValueSpecification\",\"valueRequired\":true,\"valueName\":\"search_term_string\"}}],\"inLanguage\":\"en-US\"},{\"@type\":\"Organization\",\"@id\":\"https:\\\/\\\/hotelcatalinatijuana.com\\\/#organization\",\"name\":\"Hotel Catalina\",\"url\":\"https:\\\/\\\/hotelcatalinatijuana.com\\\/\",\"logo\":{\"@type\":\"ImageObject\",\"inLanguage\":\"en-US\",\"@id\":\"https:\\\/\\\/hotelcatalinatijuana.com\\\/#\\\/schema\\\/logo\\\/image\\\/\",\"url\":\"https:\\\/\\\/hotelcatalinatijuana.com\\\/wp-content\\\/uploads\\\/2023\\\/12\\\/logo-catalina-lateral-160-60-negro.png\",\"contentUrl\":\"https:\\\/\\\/hotelcatalinatijuana.com\\\/wp-content\\\/uploads\\\/2023\\\/12\\\/logo-catalina-lateral-160-60-negro.png\",\"width\":160,\"height\":60,\"caption\":\"Hotel Catalina\"},\"image\":{\"@id\":\"https:\\\/\\\/hotelcatalinatijuana.com\\\/#\\\/schema\\\/logo\\\/image\\\/\"}}]}<\/script>\n<!-- \/ Yoast SEO plugin. -->","yoast_head_json":{"title":"Habitaciones - Hotel Catalina","robots":{"index":"index","follow":"follow","max-snippet":"max-snippet:-1","max-image-preview":"max-image-preview:large","max-video-preview":"max-video-preview:-1"},"canonical":"https:\/\/hotelcatalinatijuana.com\/en\/habitaciones\/","og_locale":"en_US","og_type":"article","og_title":"Habitaciones - Hotel Catalina","og_description":"Habitaci\u00f3n Matrimonial Book now Habitaci\u00f3n King Book now Habitaci\u00f3n Doble Book now","og_url":"https:\/\/hotelcatalinatijuana.com\/en\/habitaciones\/","og_site_name":"Hotel Catalina","article_modified_time":"2024-02-23T07:10:20+00:00","og_image":[{"url":"https:\/\/hotelcatalinatijuana.com\/wp-content\/uploads\/2020\/11\/WhatsApp-Image-2023-12-01-at-5.33.48-PM-1-1620x1215.jpeg","type":"","width":"","height":""}],"twitter_card":"summary_large_image","schema":{"@context":"https:\/\/schema.org","@graph":[{"@type":"WebPage","@id":"https:\/\/hotelcatalinatijuana.com\/habitaciones\/","url":"https:\/\/hotelcatalinatijuana.com\/habitaciones\/","name":"Habitaciones - Hotel Catalina","isPartOf":{"@id":"https:\/\/hotelcatalinatijuana.com\/#website"},"primaryImageOfPage":{"@id":"https:\/\/hotelcatalinatijuana.com\/habitaciones\/#primaryimage"},"image":{"@id":"https:\/\/hotelcatalinatijuana.com\/habitaciones\/#primaryimage"},"thumbnailUrl":"https:\/\/hotelcatalinatijuana.com\/wp-content\/uploads\/2020\/11\/WhatsApp-Image-2023-12-01-at-5.33.48-PM-1-1620x1215.jpeg","datePublished":"2024-02-10T20:04:46+00:00","dateModified":"2024-02-23T07:10:20+00:00","breadcrumb":{"@id":"https:\/\/hotelcatalinatijuana.com\/habitaciones\/#breadcrumb"},"inLanguage":"en-US","potentialAction":[{"@type":"ReadAction","target":["https:\/\/hotelcatalinatijuana.com\/habitaciones\/"]}]},{"@type":"ImageObject","inLanguage":"en-US","@id":"https:\/\/hotelcatalinatijuana.com\/habitaciones\/#primaryimage","url":"https:\/\/hotelcatalinatijuana.com\/wp-content\/uploads\/2020\/11\/WhatsApp-Image-2023-12-01-at-5.33.48-PM-1-1620x1215.jpeg","contentUrl":"https:\/\/hotelcatalinatijuana.com\/wp-content\/uploads\/2020\/11\/WhatsApp-Image-2023-12-01-at-5.33.48-PM-1-1620x1215.jpeg"},{"@type":"BreadcrumbList","@id":"https:\/\/hotelcatalinatijuana.com\/habitaciones\/#breadcrumb","itemListElement":[{"@type":"ListItem","position":1,"name":"Portada","item":"https:\/\/hotelcatalinatijuana.com\/"},{"@type":"ListItem","position":2,"name":"Habitaciones"}]},{"@type":"WebSite","@id":"https:\/\/hotelcatalinatijuana.com\/#website","url":"https:\/\/hotelcatalinatijuana.com\/","name":"Hotel Catalina","description":"","publisher":{"@id":"https:\/\/hotelcatalinatijuana.com\/#organization"},"potentialAction":[{"@type":"SearchAction","target":{"@type":"EntryPoint","urlTemplate":"https:\/\/hotelcatalinatijuana.com\/?s={search_term_string}"},"query-input":{"@type":"PropertyValueSpecification","valueRequired":true,"valueName":"search_term_string"}}],"inLanguage":"en-US"},{"@type":"Organization","@id":"https:\/\/hotelcatalinatijuana.com\/#organization","name":"Hotel Catalina","url":"https:\/\/hotelcatalinatijuana.com\/","logo":{"@type":"ImageObject","inLanguage":"en-US","@id":"https:\/\/hotelcatalinatijuana.com\/#\/schema\/logo\/image\/","url":"https:\/\/hotelcatalinatijuana.com\/wp-content\/uploads\/2023\/12\/logo-catalina-lateral-160-60-negro.png","contentUrl":"https:\/\/hotelcatalinatijuana.com\/wp-content\/uploads\/2023\/12\/logo-catalina-lateral-160-60-negro.png","width":160,"height":60,"caption":"Hotel Catalina"},"image":{"@id":"https:\/\/hotelcatalinatijuana.com\/#\/schema\/logo\/image\/"}}]}},"_links":{"self":[{"href":"https:\/\/hotelcatalinatijuana.com\/en\/wp-json\/wp\/v2\/pages\/1105","targetHints":{"allow":["GET"]}}],"collection":[{"href":"https:\/\/hotelcatalinatijuana.com\/en\/wp-json\/wp\/v2\/pages"}],"about":[{"href":"https:\/\/hotelcatalinatijuana.com\/en\/wp-json\/wp\/v2\/types\/page"}],"author":[{"embeddable":true,"href":"https:\/\/hotelcatalinatijuana.com\/en\/wp-json\/wp\/v2\/users\/1"}],"replies":[{"embeddable":true,"href":"https:\/\/hotelcatalinatijuana.com\/en\/wp-json\/wp\/v2\/comments?post=1105"}],"version-history":[{"count":19,"href":"https:\/\/hotelcatalinatijuana.com\/en\/wp-json\/wp\/v2\/pages\/1105\/revisions"}],"predecessor-version":[{"id":3306,"href":"https:\/\/hotelcatalinatijuana.com\/en\/wp-json\/wp\/v2\/pages\/1105\/revisions\/3306"}],"wp:attachment":[{"href":"https:\/\/hotelcatalinatijuana.com\/en\/wp-json\/wp\/v2\/media?parent=1105"}],"curies":[{"name":"wp","href":"https:\/\/api.w.org\/{rel}","templated":true}]}}